{"id":210208,"date":"2018-06-16T12:46:16","date_gmt":"2018-06-16T10:46:16","guid":{"rendered":"https:\/\/www.bibliocarloalberto.it\/?page_id=210208"},"modified":"2021-11-09T15:38:35","modified_gmt":"2021-11-09T14:38:35","slug":"bibliotheque","status":"publish","type":"page","link":"https:\/\/www.bibliocarloalberto.it\/fr\/bibliotheque\/","title":{"rendered":"Biblioth\u00e8que"},"content":{"rendered":"<p>[et_pb_section bb_built=\u00a0\u00bb1&Prime; fullwidth=\u00a0\u00bbon\u00a0\u00bb specialty=\u00a0\u00bboff\u00a0\u00bb _builder_version=\u00a0\u00bb3.2.2&Prime; background_image=\u00a0\u00bbhttps:\/\/www.bibliocarloalberto.it\/wp-content\/uploads\/2018\/05\/header-biblioteca.jpg\u00a0\u00bb custom_css_main_element=\u00a0\u00bbheight: 125px;||padding-top: 2%;\u00a0\u00bb next_background_color=\u00a0\u00bb#ffffff\u00a0\u00bb inner_width=\u00a0\u00bbauto\u00a0\u00bb inner_max_width=\u00a0\u00bb1220px\u00a0\u00bb][et_pb_fullwidth_header admin_label=\u00a0\u00bbheader-biblioteca\u00a0\u00bb _builder_version=\u00a0\u00bb3.7&Prime; title=\u00a0\u00bbLa Biblioth\u00e8que\u00a0\u00bb title_level=\u00a0\u00bbh2&Prime; title_font=\u00a0\u00bb|700||on|||||\u00a0\u00bb background_color=\u00a0\u00bbrgba(255,255,255,0)\u00a0\u00bb custom_padding_last_edited=\u00a0\u00bboff|tablet\u00a0\u00bb title_line_height=\u00a0\u00bb0&Prime; text_shadow_horizontal_length=\u00a0\u00bb0.08em\u00a0\u00bb text_shadow_vertical_length=\u00a0\u00bb0.08em\u00a0\u00bb text_shadow_blur_strength=\u00a0\u00bb0.08em\u00a0\u00bb title_text_shadow_style=\u00a0\u00bbpreset2&Prime; button_one_text_size__hover_enabled=\u00a0\u00bboff\u00a0\u00bb button_one_text_size__hover=\u00a0\u00bbnull\u00a0\u00bb button_two_text_size__hover_enabled=\u00a0\u00bboff\u00a0\u00bb button_two_text_size__hover=\u00a0\u00bbnull\u00a0\u00bb button_one_text_color__hover_enabled=\u00a0\u00bboff\u00a0\u00bb button_one_text_color__hover=\u00a0\u00bbnull\u00a0\u00bb button_two_text_color__hover_enabled=\u00a0\u00bboff\u00a0\u00bb button_two_text_color__hover=\u00a0\u00bbnull\u00a0\u00bb button_one_border_width__hover_enabled=\u00a0\u00bboff\u00a0\u00bb button_one_border_width__hover=\u00a0\u00bbnull\u00a0\u00bb button_two_border_width__hover_enabled=\u00a0\u00bboff\u00a0\u00bb button_two_border_width__hover=\u00a0\u00bbnull\u00a0\u00bb button_one_border_color__hover_enabled=\u00a0\u00bboff\u00a0\u00bb button_one_border_color__hover=\u00a0\u00bbnull\u00a0\u00bb button_two_border_color__hover_enabled=\u00a0\u00bboff\u00a0\u00bb button_two_border_color__hover=\u00a0\u00bbnull\u00a0\u00bb button_one_border_radius__hover_enabled=\u00a0\u00bboff\u00a0\u00bb button_one_border_radius__hover=\u00a0\u00bbnull\u00a0\u00bb button_two_border_radius__hover_enabled=\u00a0\u00bboff\u00a0\u00bb button_two_border_radius__hover=\u00a0\u00bbnull\u00a0\u00bb button_one_letter_spacing__hover_enabled=\u00a0\u00bboff\u00a0\u00bb button_one_letter_spacing__hover=\u00a0\u00bbnull\u00a0\u00bb button_two_letter_spacing__hover_enabled=\u00a0\u00bboff\u00a0\u00bb button_two_letter_spacing__hover=\u00a0\u00bbnull\u00a0\u00bb button_one_bg_color__hover_enabled=\u00a0\u00bboff\u00a0\u00bb button_one_bg_color__hover=\u00a0\u00bbnull\u00a0\u00bb button_two_bg_color__hover_enabled=\u00a0\u00bboff\u00a0\u00bb button_two_bg_color__hover=\u00a0\u00bbnull\u00a0\u00bb \/][\/et_pb_section][et_pb_section bb_built=\u00a0\u00bb1&Prime; specialty=\u00a0\u00bboff\u00a0\u00bb prev_background_color=\u00a0\u00bb#ffffff\u00a0\u00bb next_background_color=\u00a0\u00bb#ffffff\u00a0\u00bb _builder_version=\u00a0\u00bb3.1.1&Prime; use_background_color_gradient=\u00a0\u00bbon\u00a0\u00bb background_color_gradient_start=\u00a0\u00bb#ebf0f6&Prime; background_color_gradient_end=\u00a0\u00bb#ffffff\u00a0\u00bb background_color_gradient_direction=\u00a0\u00bb270deg\u00a0\u00bb custom_padding=\u00a0\u00bb20px|||\u00a0\u00bb inner_width=\u00a0\u00bbauto\u00a0\u00bb inner_max_width=\u00a0\u00bb1220px\u00a0\u00bb][et_pb_row _builder_version=\u00a0\u00bb3.1.1&Prime; make_equal=\u00a0\u00bbon\u00a0\u00bb width=\u00a0\u00bb80%\u00a0\u00bb max_width=\u00a0\u00bb1220px\u00a0\u00bb][et_pb_column type=\u00a0\u00bb1_2&Prime; module_class=\u00a0\u00bbds-vertical-align\u00a0\u00bb custom_padding__hover=\u00a0\u00bb|||\u00a0\u00bb custom_padding=\u00a0\u00bb|||\u00a0\u00bb][et_pb_text admin_label=\u00a0\u00bbbiblioteca \u00a0\u00bb _builder_version=\u00a0\u00bb3.7&Prime; text_orientation=\u00a0\u00bbleft\u00a0\u00bb]<\/p>\n<p>\n<strong>La biblioth\u00e8que du Ch\u00e2teau de Racconigi: un petit cabinet en acajou<\/strong><\/p>\n<p><span style=\"font-weight: 400;\">La biblioth\u00e8que personnelle de Charles-Albert se trouve au premier \u00e9tage du Ch\u00e2teau. Il s\u2019agit d\u2019un cabinet en bois d\u2019acajou, petit et pr\u00e9cieux, r\u00e9alis\u00e9 par Gabriele Capello et projet\u00e9 par l\u2019architecte de cour Pelagio Palagi.<\/span><br \/>\n<span style=\"font-weight: 400;\">Les livres sont organis\u00e9s dans des hautes \u00e9tag\u00e8res et ils sont catalogu\u00e9s selon leurs th\u00e9matiques diff\u00e9rentes : France, Pi\u00e9mont, Dictionnaires \u2013 Encyclop\u00e9dies, Biblioth\u00e8que des Romans, ceux-ci ne sont que quelques-uns des sujets qui nous racontent les int\u00e9r\u00eats pour la lecture de Charles-Albert et de ses successeurs.<\/span><\/p>\n<p>[\/et_pb_text][\/et_pb_column][et_pb_column type=\u00a0\u00bb1_2&Prime; module_class=\u00a0\u00bbds-vertical-align\u00a0\u00bb custom_padding__hover=\u00a0\u00bb|||\u00a0\u00bb custom_padding=\u00a0\u00bb|||\u00a0\u00bb][et_pb_image _builder_version=\u00a0\u00bb4.6.1&Prime; src=\u00a0\u00bbhttps:\/\/www.bibliocarloalberto.it\/wp-content\/uploads\/BibliotecaC.Alberto_ph-Pino-dellAquila.png\u00a0\u00bb show_bottom_space=\u00a0\u00bboff\u00a0\u00bb box_shadow_style=\u00a0\u00bbpreset3&Prime; custom_padding=\u00a0\u00bb20px|20px|20px|20px\u00a0\u00bb align_last_edited=\u00a0\u00bbon|desktop\u00a0\u00bb align_tablet=\u00a0\u00bbcenter\u00a0\u00bb vertical_offset_tablet=\u00a0\u00bb0&Prime; horizontal_offset_tablet=\u00a0\u00bb0&Prime; z_index_tablet=\u00a0\u00bb0&Prime; \/][\/et_pb_column][\/et_pb_row][\/et_pb_section][et_pb_section bb_built=\u00a0\u00bb1&Prime; specialty=\u00a0\u00bboff\u00a0\u00bb prev_background_color=\u00a0\u00bb#ffffff\u00a0\u00bb next_background_color=\u00a0\u00bb#ffffff\u00a0\u00bb _builder_version=\u00a0\u00bb3.1.1&Prime; use_background_color_gradient=\u00a0\u00bbon\u00a0\u00bb background_color_gradient_start=\u00a0\u00bb#ebf0f6&Prime; background_color_gradient_end=\u00a0\u00bb#ffffff\u00a0\u00bb background_color_gradient_direction=\u00a0\u00bb90deg\u00a0\u00bb custom_padding=\u00a0\u00bb0px|||\u00a0\u00bb inner_width=\u00a0\u00bbauto\u00a0\u00bb inner_max_width=\u00a0\u00bb1220px\u00a0\u00bb][et_pb_row _builder_version=\u00a0\u00bb3.10.1&Prime; make_equal=\u00a0\u00bbon\u00a0\u00bb module_class=\u00a0\u00bbcustom_row\u00a0\u00bb module_id=\u00a0\u00bbsala\u00a0\u00bb width=\u00a0\u00bb80%\u00a0\u00bb max_width=\u00a0\u00bb1220px\u00a0\u00bb][et_pb_column type=\u00a0\u00bb1_2&Prime; module_class=\u00a0\u00bbds-vertical-align second-on-mobile\u00a0\u00bb custom_padding__hover=\u00a0\u00bb|||\u00a0\u00bb custom_padding=\u00a0\u00bb|||\u00a0\u00bb][et_pb_image _builder_version=\u00a0\u00bb3.1.1&Prime; src=\u00a0\u00bbhttps:\/\/www.bibliocarloalberto.it\/wp-content\/uploads\/2018\/04\/sala-lettura.jpg\u00a0\u00bb show_bottom_space=\u00a0\u00bboff\u00a0\u00bb custom_padding=\u00a0\u00bb20px|20px|20px|20px\u00a0\u00bb box_shadow_style=\u00a0\u00bbpreset3&Prime; align_last_edited=\u00a0\u00bbon|desktop\u00a0\u00bb align_tablet=\u00a0\u00bbcenter\u00a0\u00bb \/][\/et_pb_column][et_pb_column type=\u00a0\u00bb1_2&Prime; module_class=\u00a0\u00bbds-vertical-align first-on-mobile\u00a0\u00bb custom_padding__hover=\u00a0\u00bb|||\u00a0\u00bb custom_padding=\u00a0\u00bb|||\u00a0\u00bb][et_pb_text admin_label=\u00a0\u00bbLa sala di lettura del Castello di Racconigi\u00a0\u00bb _builder_version=\u00a0\u00bb3.7&Prime; text_orientation=\u00a0\u00bbleft\u00a0\u00bb]<\/p>\n<p>\n<strong>La salle de lecture du Ch\u00e2teau de Racconigi<\/strong><\/p>\n<p><span style=\"font-weight: 400;\">Des \u00e9tag\u00e8res aux \u00e9crans. La Biblioth\u00e8que de Charles-Albert, un espace visitable \u00e0 l\u2019int\u00e9rieur du Ch\u00e2teau de Racconigi, revit dans un nouveau lieu : la Salle de Lecture. Cette chambre unit id\u00e9alement les \u00e9tag\u00e8res de la biblioth\u00e8que aux \u00e9crans des tablettes. Ici, avec un click il est possible d\u2019acc\u00e9der \u00e0 une s\u00e9lection digitale des textes les plus int\u00e9ressants. Mais ce n\u2019est pas fini : les livres sont aussi le point de d\u00e9part de <a href=\"https:\/\/www.bibliocarloalberto.it\/fr\/chateau\/\" target=\"_blank\" rel=\"noopener noreferrer\">parcours<\/a> et suggestions pour des visites d\u2019exp\u00e9rience dans le Ch\u00e2teau et sur le territoire entier.<\/span><\/p>\n<p>[\/et_pb_text][\/et_pb_column][\/et_pb_row][\/et_pb_section][et_pb_section bb_built=\u00a0\u00bb1&Prime; specialty=\u00a0\u00bboff\u00a0\u00bb prev_background_color=\u00a0\u00bb#ffffff\u00a0\u00bb _builder_version=\u00a0\u00bb3.1.1&Prime; use_background_color_gradient=\u00a0\u00bbon\u00a0\u00bb background_color_gradient_start=\u00a0\u00bb#ebf0f6&Prime; background_color_gradient_end=\u00a0\u00bb#ffffff\u00a0\u00bb background_color_gradient_direction=\u00a0\u00bb90deg\u00a0\u00bb custom_padding=\u00a0\u00bb0px|||\u00a0\u00bb inner_width=\u00a0\u00bbauto\u00a0\u00bb inner_max_width=\u00a0\u00bb1220px\u00a0\u00bb][et_pb_row _builder_version=\u00a0\u00bb3.2&Prime; make_equal=\u00a0\u00bbon\u00a0\u00bb module_class=\u00a0\u00bbcustom_row\u00a0\u00bb width=\u00a0\u00bb80%\u00a0\u00bb max_width=\u00a0\u00bb1220px\u00a0\u00bb][et_pb_column type=\u00a0\u00bb1_2&Prime; module_class=\u00a0\u00bbds-vertical-align second-on-mobile\u00a0\u00bb custom_padding__hover=\u00a0\u00bb|||\u00a0\u00bb custom_padding=\u00a0\u00bb|||\u00a0\u00bb][et_pb_text admin_label=\u00a0\u00bbIl progetto\u00a0\u00bb _builder_version=\u00a0\u00bb3.7&Prime; text_orientation=\u00a0\u00bbleft\u00a0\u00bb]<\/p>\n<p>\n<strong>Le projet de la Biblioth\u00e8que de Charles-Albert<\/strong><\/p>\n<p><span style=\"font-weight: 400;\">Gr\u00e2ce au projet de la \u00ab Biblioth\u00e8que de Charles-Albert \u00bb r\u00e9alis\u00e9 par les Terres de Savoie et financ\u00e9 par la <a href=\"http:\/\/compagniadisanpaolo.it\/ita\" target=\"_blank\" rel=\"noopener noreferrer\">Compagnia di San Paolo<\/a>, ce lieu intime et priv\u00e9 revit avec la restauration de la salle enti\u00e8re, la r\u00e9alisation d\u2019un catalogue digital et pour la premi\u00e8re fois, la digitalisation de certains volumes pr\u00e9cieux, qui am\u00e8nent le visiteur \u00e0 la d\u00e9couverte de parcours th\u00e9matiques diff\u00e9rents. A travers le <\/span><i><span style=\"font-weight: 400;\">text mining<\/span><\/i><span style=\"font-weight: 400;\">, le site internet vous am\u00e8ne \u00e0 l&rsquo;int\u00e9rieur des livres digitalis\u00e9s et des plans, en d\u00e9couvrant ainsi les lieux qui connectent livres, territoire et parcours de lecture. \u00a0C\u2019est un nouveau moyen pour parcourir les moments qui ont fait l\u2019histoire priv\u00e9e et publique d\u2019un Roi.<\/span><\/p>\n<p>[\/et_pb_text][\/et_pb_column][et_pb_column type=\u00a0\u00bb1_2&Prime; module_class=\u00a0\u00bbds-vertical-align first-on-mobile\u00a0\u00bb custom_padding__hover=\u00a0\u00bb|||\u00a0\u00bb custom_padding=\u00a0\u00bb|||\u00a0\u00bb][et_pb_image _builder_version=\u00a0\u00bb3.1.1&Prime; src=\u00a0\u00bbhttps:\/\/www.bibliocarloalberto.it\/wp-content\/uploads\/2018\/04\/scansione1.jpg\u00a0\u00bb show_bottom_space=\u00a0\u00bboff\u00a0\u00bb custom_padding=\u00a0\u00bb20px|20px|20px|20px\u00a0\u00bb box_shadow_style=\u00a0\u00bbpreset3&Prime; align_last_edited=\u00a0\u00bbon|desktop\u00a0\u00bb align_tablet=\u00a0\u00bbcenter\u00a0\u00bb \/][\/et_pb_column][\/et_pb_row][\/et_pb_section]<\/p>\n","protected":false},"excerpt":{"rendered":"<p>La biblioth\u00e8que du Ch\u00e2teau de Racconigi: un petit cabinet en acajou La biblioth\u00e8que personnelle de Charles-Albert se trouve au premier \u00e9tage du Ch\u00e2teau. Il s\u2019agit d\u2019un cabinet en bois d\u2019acajou, petit et pr\u00e9cieux, r\u00e9alis\u00e9 par Gabriele Capello et projet\u00e9 par l\u2019architecte de cour Pelagio Palagi. Les livres sont organis\u00e9s dans des hautes \u00e9tag\u00e8res et ils [&hellip;]<\/p>\n","protected":false},"author":1,"featured_media":0,"parent":0,"menu_order":2,"comment_status":"closed","ping_status":"closed","template":"","meta":{"_acf_changed":false,"_et_pb_use_builder":"on","_et_pb_old_content":"<p>Descrizione della biblioteca del Castello e di Carlo Alberto<\/p><p>Descrizione del progetto<\/p><p>Planimetria del castello<\/p>","_et_gb_content_width":"","footnotes":""},"acf":[],"_links":{"self":[{"href":"https:\/\/www.bibliocarloalberto.it\/fr\/wp-json\/wp\/v2\/pages\/210208"}],"collection":[{"href":"https:\/\/www.bibliocarloalberto.it\/fr\/wp-json\/wp\/v2\/pages"}],"about":[{"href":"https:\/\/www.bibliocarloalberto.it\/fr\/wp-json\/wp\/v2\/types\/page"}],"author":[{"embeddable":true,"href":"https:\/\/www.bibliocarloalberto.it\/fr\/wp-json\/wp\/v2\/users\/1"}],"replies":[{"embeddable":true,"href":"https:\/\/www.bibliocarloalberto.it\/fr\/wp-json\/wp\/v2\/comments?post=210208"}],"version-history":[{"count":12,"href":"https:\/\/www.bibliocarloalberto.it\/fr\/wp-json\/wp\/v2\/pages\/210208\/revisions"}],"predecessor-version":[{"id":212912,"href":"https:\/\/www.bibliocarloalberto.it\/fr\/wp-json\/wp\/v2\/pages\/210208\/revisions\/212912"}],"wp:attachment":[{"href":"https:\/\/www.bibliocarloalberto.it\/fr\/wp-json\/wp\/v2\/media?parent=210208"}],"curies":[{"name":"wp","href":"https:\/\/api.w.org\/{rel}","templated":true}]}}