{"id":210626,"date":"2018-06-08T17:28:19","date_gmt":"2018-06-08T15:28:19","guid":{"rendered":"https:\/\/www.bibliocarloalberto.it\/privacy\/"},"modified":"2023-10-02T13:47:46","modified_gmt":"2023-10-02T11:47:46","slug":"privacy","status":"publish","type":"page","link":"https:\/\/www.bibliocarloalberto.it\/fr\/privacy\/","title":{"rendered":"Privacy"},"content":{"rendered":"<p>[et_pb_section fb_built=\u00a0\u00bb1&Prime; fullwidth=\u00a0\u00bbon\u00a0\u00bb _builder_version=\u00a0\u00bb3.22&Prime; background_image=\u00a0\u00bbhttps:\/\/www.bibliocarloalberto.it\/wp-content\/uploads\/2018\/05\/header-info.jpg\u00a0\u00bb custom_css_main_element=\u00a0\u00bbheight: 125px;||padding-top: 2%;\u00a0\u00bb][et_pb_fullwidth_header title=\u00a0\u00bbPrivacy\u00a0\u00bb admin_label=\u00a0\u00bbheader-informazioni\u00a0\u00bb _builder_version=\u00a0\u00bb3.16&Prime; title_level=\u00a0\u00bbh2&Prime; title_font=\u00a0\u00bb|700||on|||||\u00a0\u00bb background_color=\u00a0\u00bbrgba(255,255,255,0)\u00a0\u00bb custom_padding=\u00a0\u00bb0px|||\u00a0\u00bb text_shadow_style=\u00a0\u00bbpreset2&Prime; button_one_text_size__hover_enabled=\u00a0\u00bboff\u00a0\u00bb button_one_text_size__hover=\u00a0\u00bbnull\u00a0\u00bb button_two_text_size__hover_enabled=\u00a0\u00bboff\u00a0\u00bb button_two_text_size__hover=\u00a0\u00bbnull\u00a0\u00bb button_one_text_color__hover_enabled=\u00a0\u00bboff\u00a0\u00bb button_one_text_color__hover=\u00a0\u00bbnull\u00a0\u00bb button_two_text_color__hover_enabled=\u00a0\u00bboff\u00a0\u00bb button_two_text_color__hover=\u00a0\u00bbnull\u00a0\u00bb button_one_border_width__hover_enabled=\u00a0\u00bboff\u00a0\u00bb button_one_border_width__hover=\u00a0\u00bbnull\u00a0\u00bb button_two_border_width__hover_enabled=\u00a0\u00bboff\u00a0\u00bb button_two_border_width__hover=\u00a0\u00bbnull\u00a0\u00bb button_one_border_color__hover_enabled=\u00a0\u00bboff\u00a0\u00bb button_one_border_color__hover=\u00a0\u00bbnull\u00a0\u00bb button_two_border_color__hover_enabled=\u00a0\u00bboff\u00a0\u00bb button_two_border_color__hover=\u00a0\u00bbnull\u00a0\u00bb button_one_border_radius__hover_enabled=\u00a0\u00bboff\u00a0\u00bb button_one_border_radius__hover=\u00a0\u00bbnull\u00a0\u00bb button_two_border_radius__hover_enabled=\u00a0\u00bboff\u00a0\u00bb button_two_border_radius__hover=\u00a0\u00bbnull\u00a0\u00bb button_one_letter_spacing__hover_enabled=\u00a0\u00bboff\u00a0\u00bb button_one_letter_spacing__hover=\u00a0\u00bbnull\u00a0\u00bb button_two_letter_spacing__hover_enabled=\u00a0\u00bboff\u00a0\u00bb button_two_letter_spacing__hover=\u00a0\u00bbnull\u00a0\u00bb button_one_bg_color__hover_enabled=\u00a0\u00bboff\u00a0\u00bb button_one_bg_color__hover=\u00a0\u00bbnull\u00a0\u00bb button_two_bg_color__hover_enabled=\u00a0\u00bboff\u00a0\u00bb button_two_bg_color__hover=\u00a0\u00bbnull\u00a0\u00bb][\/et_pb_fullwidth_header][\/et_pb_section][et_pb_section fb_built=\u00a0\u00bb1&Prime; _builder_version=\u00a0\u00bb3.22&Prime;][et_pb_row _builder_version=\u00a0\u00bb3.25&Prime; background_size=\u00a0\u00bbinitial\u00a0\u00bb background_position=\u00a0\u00bbtop_left\u00a0\u00bb background_repeat=\u00a0\u00bbrepeat\u00a0\u00bb][et_pb_column type=\u00a0\u00bb4_4&Prime; _builder_version=\u00a0\u00bb3.0.47&Prime; custom_padding=\u00a0\u00bb|||\u00a0\u00bb custom_padding__hover=\u00a0\u00bb|||\u00a0\u00bb][et_pb_text _builder_version=\u00a0\u00bb4.6.1&Prime; vertical_offset_tablet=\u00a0\u00bb0&Prime; horizontal_offset_tablet=\u00a0\u00bb0&Prime; hover_enabled=\u00a0\u00bb0&Prime; z_index_tablet=\u00a0\u00bb0&Prime; text_text_shadow_horizontal_length_tablet=\u00a0\u00bb0px\u00a0\u00bb text_text_shadow_vertical_length_tablet=\u00a0\u00bb0px\u00a0\u00bb text_text_shadow_blur_strength_tablet=\u00a0\u00bb1px\u00a0\u00bb link_text_shadow_horizontal_length_tablet=\u00a0\u00bb0px\u00a0\u00bb link_text_shadow_vertical_length_tablet=\u00a0\u00bb0px\u00a0\u00bb link_text_shadow_blur_strength_tablet=\u00a0\u00bb1px\u00a0\u00bb ul_text_shadow_horizontal_length_tablet=\u00a0\u00bb0px\u00a0\u00bb ul_text_shadow_vertical_length_tablet=\u00a0\u00bb0px\u00a0\u00bb ul_text_shadow_blur_strength_tablet=\u00a0\u00bb1px\u00a0\u00bb ol_text_shadow_horizontal_length_tablet=\u00a0\u00bb0px\u00a0\u00bb ol_text_shadow_vertical_length_tablet=\u00a0\u00bb0px\u00a0\u00bb ol_text_shadow_blur_strength_tablet=\u00a0\u00bb1px\u00a0\u00bb quote_text_shadow_horizontal_length_tablet=\u00a0\u00bb0px\u00a0\u00bb quote_text_shadow_vertical_length_tablet=\u00a0\u00bb0px\u00a0\u00bb quote_text_shadow_blur_strength_tablet=\u00a0\u00bb1px\u00a0\u00bb header_text_shadow_horizontal_length_tablet=\u00a0\u00bb0px\u00a0\u00bb header_text_shadow_vertical_length_tablet=\u00a0\u00bb0px\u00a0\u00bb header_text_shadow_blur_strength_tablet=\u00a0\u00bb1px\u00a0\u00bb header_2_text_shadow_horizontal_length_tablet=\u00a0\u00bb0px\u00a0\u00bb header_2_text_shadow_vertical_length_tablet=\u00a0\u00bb0px\u00a0\u00bb header_2_text_shadow_blur_strength_tablet=\u00a0\u00bb1px\u00a0\u00bb header_3_text_shadow_horizontal_length_tablet=\u00a0\u00bb0px\u00a0\u00bb header_3_text_shadow_vertical_length_tablet=\u00a0\u00bb0px\u00a0\u00bb header_3_text_shadow_blur_strength_tablet=\u00a0\u00bb1px\u00a0\u00bb header_4_text_shadow_horizontal_length_tablet=\u00a0\u00bb0px\u00a0\u00bb header_4_text_shadow_vertical_length_tablet=\u00a0\u00bb0px\u00a0\u00bb header_4_text_shadow_blur_strength_tablet=\u00a0\u00bb1px\u00a0\u00bb header_5_text_shadow_horizontal_length_tablet=\u00a0\u00bb0px\u00a0\u00bb header_5_text_shadow_vertical_length_tablet=\u00a0\u00bb0px\u00a0\u00bb header_5_text_shadow_blur_strength_tablet=\u00a0\u00bb1px\u00a0\u00bb header_6_text_shadow_horizontal_length_tablet=\u00a0\u00bb0px\u00a0\u00bb header_6_text_shadow_vertical_length_tablet=\u00a0\u00bb0px\u00a0\u00bb header_6_text_shadow_blur_strength_tablet=\u00a0\u00bb1px\u00a0\u00bb box_shadow_horizontal_tablet=\u00a0\u00bb0px\u00a0\u00bb box_shadow_vertical_tablet=\u00a0\u00bb0px\u00a0\u00bb box_shadow_blur_tablet=\u00a0\u00bb40px\u00a0\u00bb box_shadow_spread_tablet=\u00a0\u00bb0px\u00a0\u00bb sticky_enabled=\u00a0\u00bb0&Prime;]<\/p>\n<p>Silvio TAVELLA,<br \/> t\u00e9l. 0171489271,<br \/> e-mail :<span>\u00a0<\/span><a href=\"mailto:silvio.tavella@studiolegaletavella.eu\" target=\"_blank\" rel=\"noopener noreferrer\">silvio.tavella@<wbr \/>studiolegaletavella.eu<\/a>, est le d\u00e9l\u00e9gu\u00e9 \u00e0 la protection des donn\u00e9es (DPD) de l&rsquo;Associazione Le Terre dei Savoia.<br \/> Cette page d\u00e9crit comment le site est g\u00e9r\u00e9 en ce qui concerne le traitement des donn\u00e9es personnelles des utilisateurs qui le consultent.<br \/> Ces informations sont fournies conform\u00e9ment \u00e0 l&rsquo;article 13 du r\u00e8glement europ\u00e9en (UE) 2016\/679 (ci-apr\u00e8s GDPR) \u00e0 ceux qui interagissent avec les pages du site web \u00e0 partir de l&rsquo;adresse : www.leterredeisavoia.it correspondant aux pages d&rsquo;accueil des sites officiels de l&rsquo;entreprise.<br \/> Les informations sont fournies uniquement pour les sites mentionn\u00e9s ci-dessus et non pour d&rsquo;autres sites web qui pourraient \u00eatre consult\u00e9s par l&rsquo;utilisateur via des liens \u00e0 partir de ceux-ci.<\/p>\n<p><strong>LE CONTR\u00d4LEUR DES DONN\u00c9ES<\/strong><\/p>\n<p>Le contr\u00f4leur des donn\u00e9es est l&rsquo;Associazione Le Terre dei Savoia, Piazza Carlo Alberto, 6\/A &#8211; 12035 &#8211; Racconigi (CN).<br \/> Suite \u00e0 la consultation de ce site, des donn\u00e9es relatives \u00e0 des personnes identifi\u00e9es ou identifiables peuvent \u00eatre trait\u00e9es.<\/p>\n<p><strong>LIEU DE TRAITEMENT DES DONN\u00c9ES<\/strong><\/p>\n<p>Les traitements li\u00e9s aux services web de ce site ont lieu dans les locaux susmentionn\u00e9s et sont effectu\u00e9s uniquement par le personnel technique, ou par des personnes charg\u00e9es d&rsquo;op\u00e9rations de maintenance occasionnelles.<br \/> Aucune donn\u00e9e d\u00e9riv\u00e9e du service web n&rsquo;est communiqu\u00e9e ou diffus\u00e9e en dehors de l&rsquo;entreprise. Les donn\u00e9es personnelles fournies par les utilisateurs qui transmettent des demandes d&rsquo;information sont utilis\u00e9es uniquement dans le but de fournir le service demand\u00e9 et ne sont communiqu\u00e9es \u00e0 des tiers que si cela est n\u00e9cessaire \u00e0 cette fin.<\/p>\n<p><strong>LES TYPES DE DONN\u00c9ES TRAIT\u00c9ES<\/strong><\/p>\n<p>Donn\u00e9es de navigation \/ cookies<\/p>\n<p>Notre soci\u00e9t\u00e9 a pris connaissance de la Disposition de l&rsquo;Autorit\u00e9 garante de la protection des donn\u00e9es personnelles \u00a0\u00bb Identification des proc\u00e9dures simplifi\u00e9es d&rsquo;information et d&rsquo;acquisition du consentement \u00e0 l&rsquo;utilisation des cookies \u00a0\u00bb du 8 mai 2014 &#8211; [doc. web n\u00b0 3118884] (Publi\u00e9 au Journal officiel n\u00b0 126 du 3 juin 2014).<\/p>\n<p>Conform\u00e9ment \u00e0 cette disposition, l&rsquo;Associazione Le Terre dei Savoia souhaite vous informer que les sites web des soci\u00e9t\u00e9s mentionn\u00e9es dans cette note d&rsquo;information utilisent uniquement des cookies de nature technique et non des cookies pour le profilage des utilisateurs. (Si des cookies autres que ceux de nature technique sont utilis\u00e9s, ils doivent \u00eatre r\u00e9pertori\u00e9s dans un tableau pr\u00e9sentant l&rsquo;aspect suivant:<\/p>\n<table width=\"494\">\n<tbody>\n<tr>\n<td width=\"117\">Nom du cookie<\/td>\n<td width=\"88\">Propri\u00e9taire<\/td>\n<td>Type<\/td>\n<td>Description<\/td>\n<td>Temps de stockage<\/td>\n<\/tr>\n<tr>\n<td width=\"117\"><strong>GOOGLE ANALYTICS AVEC IP ANONYME<\/strong><\/td>\n<td width=\"88\">Google Ireland Limited<\/td>\n<td>Statistiques<\/td>\n<td>\n<p>StatistiquesGoogle Analytics est un service d&rsquo;analyse du Web fourni par Google Ireland Limited (\u00ab\u00a0Google\u00a0\u00bb). Google utilise les donn\u00e9es personnelles collect\u00e9es dans le but de retracer et d&rsquo;examiner l&rsquo;utilisation de cette application, de compiler des rapports et de les partager avec d&rsquo;autres services d\u00e9velopp\u00e9s par Google.<\/p>\n<p>Google peut utiliser les donn\u00e9es personnelles pour contextualiser et personnaliser les annonces dans son r\u00e9seau publicitaire.<\/p>\n<p>Cette int\u00e9gration de Google Analytics rend votre adresse IP anonyme. L&rsquo;anonymisation fonctionne en raccourcissant l&rsquo;adresse IP des utilisateurs \u00e0 l&rsquo;int\u00e9rieur des fronti\u00e8res des \u00c9tats membres de l&rsquo;Union europ\u00e9enne ou d&rsquo;autres pays parties \u00e0 l&rsquo;accord sur l&rsquo;Espace \u00e9conomique europ\u00e9en. Dans des cas exceptionnels seulement, l&rsquo;adresse IP sera envoy\u00e9e aux serveurs de Google et raccourcie aux \u00c9tats-Unis.<\/p>\n<\/td>\n<td>14 mois<\/td>\n<\/tr>\n<tr>\n<td width=\"117\"><strong>WIDGET GOOGLE MAPS<\/strong><\/td>\n<td width=\"88\">Google Ireland Limited<\/td>\n<td>Affichage de contenu provenant de plateformes externes<\/td>\n<td>Google Maps est un service d&rsquo;affichage de cartes exploit\u00e9 par Google Ireland Limited, qui permet \u00e0 cette application d&rsquo;int\u00e9grer un tel contenu dans ses pages.<\/td>\n<td><\/td>\n<\/tr>\n<tr>\n<td width=\"117\"><strong>WORDPRESS STAT<\/strong><\/td>\n<td width=\"88\">Automattic Inc.<\/td>\n<td>Statistiques<\/td>\n<td>WordPress Stats est un service de statistiques fourni par Automattic Inc.<\/td>\n<td><\/td>\n<\/tr>\n<tr>\n<td width=\"117\"><strong>WORDPRESS.COM<\/strong><\/td>\n<td width=\"88\">Automattic Inc.<\/td>\n<td>Services de plateforme et d&rsquo;h\u00e9bergement<\/td>\n<td>WordPress.com est une plateforme fournie par Automattic Inc. qui permet au Propri\u00e9taire de d\u00e9velopper, exploiter et h\u00e9berger cette Application.<\/td>\n<td><\/td>\n<\/tr>\n<\/tbody>\n<\/table>\n<p>&nbsp;<\/p>\n<p>En ce qui concerne, par cons\u00e9quent, uniquement les aspects de nature technique, les cookies et les protocoles, nous souhaitons vous informer que :<\/p>\n<ul>\n<li>Les syst\u00e8mes informatiques et les proc\u00e9dures logicielles utilis\u00e9s pour faire fonctionner ce site web acqui\u00e8rent, au cours de leur fonctionnement normal, certaines donn\u00e9es personnelles dont la transmission est implicite dans l&rsquo;utilisation des protocoles de communication Internet.<\/li>\n<li>Ces informations ne sont pas collect\u00e9es pour \u00eatre associ\u00e9es \u00e0 des personnes int\u00e9ress\u00e9es identifi\u00e9es, mais de par leur nature m\u00eame, elles pourraient, par le traitement et l&rsquo;association avec des donn\u00e9es d\u00e9tenues par des tiers, permettre d&rsquo;identifier les utilisateurs.<\/li>\n<li>Cette cat\u00e9gorie de donn\u00e9es comprend les adresses IP ou les noms de domaine des ordinateurs utilis\u00e9s par les utilisateurs qui se connectent au site, les adresses URI (Uniform Resource Identifier) des ressources demand\u00e9es, l&rsquo;heure de la demande, la m\u00e9thode utilis\u00e9e pour soumettre la demande au serveur, la taille du fichier obtenu en r\u00e9ponse, le code num\u00e9rique indiquant l&rsquo;\u00e9tat de la r\u00e9ponse donn\u00e9e par le serveur (succ\u00e8s, erreur, etc.) et d&rsquo;autres param\u00e8tres relatifs au syst\u00e8me d&rsquo;exploitation et \u00e0 l&rsquo;environnement informatique de l&rsquo;utilisateur.<br \/> Ces donn\u00e9es sont utilis\u00e9es dans le seul but d&rsquo;obtenir des informations statistiques anonymes sur l&rsquo;utilisation du site et de v\u00e9rifier son bon fonctionnement. Ces donn\u00e9es pourraient \u00eatre utilis\u00e9es pour d\u00e9terminer les responsabilit\u00e9s en cas d&rsquo;hypoth\u00e9tiques d\u00e9lits informatiques contre le site.<br \/> Dans tous les cas, l&rsquo;utilisateur peut utiliser les fonctionnalit\u00e9s de chaque navigateur pour autoriser, bloquer ou supprimer (en tout ou en partie) les cookies ; en cas de d\u00e9sactivation de tout ou partie des cookies, le site peut ne pas \u00eatre accessible ou certains services ou certaines fonctions du site peuvent ne pas \u00eatre disponibles ou ne pas fonctionner correctement et\/ou l&rsquo;utilisateur peut \u00eatre contraint de modifier ou de saisir manuellement certaines informations ou pr\u00e9f\u00e9rences \u00e0 chaque fois qu&rsquo;il visite le site.\u00a0 Si vous souhaitez obtenir de plus amples informations sur la mani\u00e8re de d\u00e9finir vos pr\u00e9f\u00e9rences en mati\u00e8re d&rsquo;utilisation de cookies par le biais de votre navigateur web, veuillez vous reporter aux instructions correspondantes :<\/li>\n<li><a href=\"https:\/\/support.microsoft.com\/it-it\/help\/17442\/windows-internet-explorer-delete-manage-cookies\">Internet Explorer<\/a><\/li>\n<li><a href=\"https:\/\/support.mozilla.org\/it\/kb\/Attivare%20e%20disattivare%20i%20cookie\">Firefox<\/a><\/li>\n<li><a href=\"https:\/\/support.google.com\/chrome\/answer\/95647?hl=it&amp;amp;topic=14666&amp;amp;ctx=topic\">Chrome<\/a><\/li>\n<li><a href=\"https:\/\/help.opera.com\/en\/latest\/\">Op\u00e9ra<\/a><\/li>\n<li><a href=\"https:\/\/support.apple.com\/it-it\/guide\/safari\/sfri11471\/mac\">Safari<\/a><\/li>\n<\/ul>\n<p>&nbsp;<\/p>\n<p><strong>FINALIT\u00c9 DU TRAITEMENT DES DONN\u00c9ES COLLECT\u00c9ES<\/strong><\/p>\n<p>Les Donn\u00e9es de l&rsquo;Utilisateur sont collect\u00e9es pour permettre au Responsable du traitement de fournir ses services, ainsi qu&rsquo;aux fins suivantes :<br \/> Interaction avec les plateformes de chat en direct, Statistiques et Interaction avec les r\u00e9seaux sociaux et les plateformes externes.<br \/> Les types de donn\u00e9es personnelles utilis\u00e9es pour chaque objectif sont indiqu\u00e9s dans les sections sp\u00e9cifiques du pr\u00e9sent document.<\/p>\n<p><strong>M\u00c9THODES DE TRAITEMENT<\/strong><\/p>\n<p>Les donn\u00e9es personnelles sont trait\u00e9es par des outils automatis\u00e9s pendant le temps strictement n\u00e9cessaire pour atteindre les objectifs pour lesquels elles ont \u00e9t\u00e9 collect\u00e9es.<br \/> Des mesures de s\u00e9curit\u00e9 sp\u00e9cifiques sont observ\u00e9es pour pr\u00e9venir la perte de donn\u00e9es, l&rsquo;utilisation ill\u00e9gale ou incorrecte et l&rsquo;acc\u00e8s non autoris\u00e9.<\/p>\n<p><strong>LES DONN\u00c9ES FOURNIES VOLONTAIREMENT PAR L&rsquo;UTILISATEUR<\/strong><\/p>\n<p>L&rsquo;envoi facultatif, explicite et volontaire de messages \u00e9lectroniques aux adresses indiqu\u00e9es sur ce site entra\u00eene l&rsquo;acquisition ult\u00e9rieure de l&rsquo;adresse de l&rsquo;exp\u00e9diteur, n\u00e9cessaire pour r\u00e9pondre aux demandes, ainsi que de toute autre donn\u00e9e personnelle incluse dans le message. Les<br \/> donn\u00e9es saisies lors de l&rsquo;inscription \u00e0 la newsletter \u00e0 travers le site ou l&rsquo;envoi de demandes \u00e0 travers le formulaire sur le m\u00eame, seront acquises apr\u00e8s votre acceptation au traitement des donn\u00e9es personnelles.<\/p>\n<p>Des informations r\u00e9capitulatives sp\u00e9cifiques seront progressivement rapport\u00e9es ou affich\u00e9es sur les pages du site pr\u00e9vues pour des services particuliers sur demande.<\/p>\n<p><strong>FOURNITURE FACULTATIVE DE DONN\u00c9ES<\/strong><\/p>\n<p>En dehors de ce qui est sp\u00e9cifi\u00e9 pour les donn\u00e9es de navigation, l&rsquo;utilisateur est libre de fournir les donn\u00e9es personnelles contenues dans les formulaires de demande d&rsquo;information.<br \/> Le fait de ne pas les fournir peut rendre impossible l&rsquo;obtention de ce qui a \u00e9t\u00e9 demand\u00e9.<\/p>\n<p>&nbsp;<\/p>\n<p><strong>LES DROITS DES PERSONNES CONCERN\u00c9ES<\/strong><\/p>\n<p>Les personnes concern\u00e9es ont le droit de demander \u00e0 tout moment au Responsable du traitement la rectification ou l&rsquo;effacement de leurs donn\u00e9es personnelles, ou la limitation du traitement les concernant, de s&rsquo;opposer \u00e0 leur traitement ainsi que le droit \u00e0 la portabilit\u00e9 des donn\u00e9es (articles 15 &#8211; 22 R\u00e8glement UE 679\/2016)<br \/> Droit de retirer son consentement. La personne concern\u00e9e a le droit de r\u00e9voquer son consentement \u00e0 tout moment; la r\u00e9vocation n&rsquo;affecte pas la lic\u00e9it\u00e9 du traitement fond\u00e9 sur le consentement donn\u00e9 avant la r\u00e9vocation.<\/p>\n<p>Les demandes doivent \u00eatre adress\u00e9es \u00e0<\/p>\n<ul>\n<li>par courrier \u00e9lectronique \u00e0 l&rsquo;adresse suivante: info@leterredeisavoia.it;<\/li>\n<li>ou par courrier traditionnel \u00e0 Associazione Le Terre dei Savoia, Piazza Carlo Alberto, 6\/A &#8211; 12035 &#8211; Racconigi (CN).<\/li>\n<\/ul>\n<p>&nbsp;<\/p>\n<p>Vous \u00eates invit\u00e9s \u00e0 lire la note d&rsquo;information aux termes de l&rsquo;art. 13 du R\u00e8glement g\u00e9n\u00e9ral europ\u00e9en sur le traitement des donn\u00e9es n\u00b0 679\/2016 (dit GDPR) en cliquant sur le lien suivant : www.leterredeisavoia.it ou en acc\u00e9dant au Ch\u00e2teau de Racconigi o\u00f9 une copie est \u00e0 la disposition du public \u00e0 l&rsquo;int\u00e9rieur des bureaux ou en demandant une copie par courrier ordinaire en envoyant la demande \u00e0 Associazione Le Terre dei Savoia Piazza Carlo Alberto 6\/A, Racconigi (CN) ou en demandant une copie t\u00e9l\u00e9matique ou papier au d\u00e9l\u00e9gu\u00e9 \u00e0 la protection des donn\u00e9es (DPD) de l&rsquo;Association par courrier \u00e9lectronique \u00e0 l&rsquo;adresse suivante :<span>\u00a0<\/span><a href=\"mailto:silvio.tavella@studiolegaletavella.eu\" target=\"_blank\" rel=\"noopener noreferrer\">silvio.tavella@<wbr \/>studiolegaletavella.eu<\/a>.<\/p>\n<p>[\/et_pb_text][\/et_pb_column][\/et_pb_row][\/et_pb_section]<\/p>\n","protected":false},"excerpt":{"rendered":"<p>Silvio TAVELLA, t\u00e9l. 0171489271, e-mail :\u00a0silvio.tavella@studiolegaletavella.eu, est le d\u00e9l\u00e9gu\u00e9 \u00e0 la protection des donn\u00e9es (DPD) de l&rsquo;Associazione Le Terre dei Savoia. Cette page d\u00e9crit comment le site est g\u00e9r\u00e9 en ce qui concerne le traitement des donn\u00e9es personnelles des utilisateurs qui le consultent. Ces informations sont fournies conform\u00e9ment \u00e0 l&rsquo;article 13 du r\u00e8glement europ\u00e9en (UE) [&hellip;]<\/p>\n","protected":false},"author":1,"featured_media":0,"parent":0,"menu_order":8,"comment_status":"closed","ping_status":"closed","template":"","meta":{"_acf_changed":false,"_et_pb_use_builder":"on","_et_pb_old_content":"","_et_gb_content_width":"","footnotes":""},"acf":[],"_links":{"self":[{"href":"https:\/\/www.bibliocarloalberto.it\/fr\/wp-json\/wp\/v2\/pages\/210626"}],"collection":[{"href":"https:\/\/www.bibliocarloalberto.it\/fr\/wp-json\/wp\/v2\/pages"}],"about":[{"href":"https:\/\/www.bibliocarloalberto.it\/fr\/wp-json\/wp\/v2\/types\/page"}],"author":[{"embeddable":true,"href":"https:\/\/www.bibliocarloalberto.it\/fr\/wp-json\/wp\/v2\/users\/1"}],"replies":[{"embeddable":true,"href":"https:\/\/www.bibliocarloalberto.it\/fr\/wp-json\/wp\/v2\/comments?post=210626"}],"version-history":[{"count":3,"href":"https:\/\/www.bibliocarloalberto.it\/fr\/wp-json\/wp\/v2\/pages\/210626\/revisions"}],"predecessor-version":[{"id":213057,"href":"https:\/\/www.bibliocarloalberto.it\/fr\/wp-json\/wp\/v2\/pages\/210626\/revisions\/213057"}],"wp:attachment":[{"href":"https:\/\/www.bibliocarloalberto.it\/fr\/wp-json\/wp\/v2\/media?parent=210626"}],"curies":[{"name":"wp","href":"https:\/\/api.w.org\/{rel}","templated":true}]}}