{"id":212050,"date":"2018-07-20T14:38:26","date_gmt":"2018-07-20T12:38:26","guid":{"rendered":"https:\/\/www.bibliocarloalberto.it\/progetto\/"},"modified":"2021-07-16T11:10:03","modified_gmt":"2021-07-16T09:10:03","slug":"projet","status":"publish","type":"page","link":"https:\/\/www.bibliocarloalberto.it\/fr\/projet\/","title":{"rendered":"Le projet"},"content":{"rendered":"<p>[et_pb_section bb_built=\u00a0\u00bb1&Prime; fullwidth=\u00a0\u00bbon\u00a0\u00bb specialty=\u00a0\u00bboff\u00a0\u00bb _builder_version=\u00a0\u00bb3.9&Prime; background_image=\u00a0\u00bbhttps:\/\/www.bibliocarloalberto.it\/wp-content\/uploads\/2018\/04\/header-progetto.jpg\u00a0\u00bb custom_css_main_element=\u00a0\u00bbheight: 125px;||padding-top: 2%;\u00a0\u00bb next_background_color=\u00a0\u00bb#ffffff\u00a0\u00bb inner_width=\u00a0\u00bbauto\u00a0\u00bb inner_max_width=\u00a0\u00bb1220px\u00a0\u00bb][et_pb_fullwidth_header admin_label=\u00a0\u00bbheader-progetto\u00a0\u00bb _builder_version=\u00a0\u00bb3.9&Prime; title=\u00a0\u00bbLe projet\u00a0\u00bb title_level=\u00a0\u00bbh2&Prime; title_font=\u00a0\u00bb|700||on|||||\u00a0\u00bb background_color=\u00a0\u00bbrgba(255,255,255,0)\u00a0\u00bb custom_padding_last_edited=\u00a0\u00bboff|tablet\u00a0\u00bb title_line_height=\u00a0\u00bb0&Prime; text_shadow_horizontal_length=\u00a0\u00bb0.08em\u00a0\u00bb text_shadow_vertical_length=\u00a0\u00bb0.08em\u00a0\u00bb text_shadow_blur_strength=\u00a0\u00bb0.08em\u00a0\u00bb title_text_shadow_style=\u00a0\u00bbpreset2&Prime; button_one_text_size__hover_enabled=\u00a0\u00bboff\u00a0\u00bb button_one_text_size__hover=\u00a0\u00bbnull\u00a0\u00bb button_two_text_size__hover_enabled=\u00a0\u00bboff\u00a0\u00bb button_two_text_size__hover=\u00a0\u00bbnull\u00a0\u00bb button_one_text_color__hover_enabled=\u00a0\u00bboff\u00a0\u00bb button_one_text_color__hover=\u00a0\u00bbnull\u00a0\u00bb button_two_text_color__hover_enabled=\u00a0\u00bboff\u00a0\u00bb button_two_text_color__hover=\u00a0\u00bbnull\u00a0\u00bb button_one_border_width__hover_enabled=\u00a0\u00bboff\u00a0\u00bb button_one_border_width__hover=\u00a0\u00bbnull\u00a0\u00bb button_two_border_width__hover_enabled=\u00a0\u00bboff\u00a0\u00bb button_two_border_width__hover=\u00a0\u00bbnull\u00a0\u00bb button_one_border_color__hover_enabled=\u00a0\u00bboff\u00a0\u00bb button_one_border_color__hover=\u00a0\u00bbnull\u00a0\u00bb button_two_border_color__hover_enabled=\u00a0\u00bboff\u00a0\u00bb button_two_border_color__hover=\u00a0\u00bbnull\u00a0\u00bb button_one_border_radius__hover_enabled=\u00a0\u00bboff\u00a0\u00bb button_one_border_radius__hover=\u00a0\u00bbnull\u00a0\u00bb button_two_border_radius__hover_enabled=\u00a0\u00bboff\u00a0\u00bb button_two_border_radius__hover=\u00a0\u00bbnull\u00a0\u00bb button_one_letter_spacing__hover_enabled=\u00a0\u00bboff\u00a0\u00bb button_one_letter_spacing__hover=\u00a0\u00bbnull\u00a0\u00bb button_two_letter_spacing__hover_enabled=\u00a0\u00bboff\u00a0\u00bb button_two_letter_spacing__hover=\u00a0\u00bbnull\u00a0\u00bb button_one_bg_color__hover_enabled=\u00a0\u00bboff\u00a0\u00bb button_one_bg_color__hover=\u00a0\u00bbnull\u00a0\u00bb button_two_bg_color__hover_enabled=\u00a0\u00bboff\u00a0\u00bb button_two_bg_color__hover=\u00a0\u00bbnull\u00a0\u00bb \/][\/et_pb_section][et_pb_section bb_built=\u00a0\u00bb1&Prime; prev_background_color=\u00a0\u00bb#000000&Prime; inner_width=\u00a0\u00bbauto\u00a0\u00bb inner_max_width=\u00a0\u00bb1220px\u00a0\u00bb][et_pb_row][et_pb_column type=\u00a0\u00bb4_4&Prime; custom_padding__hover=\u00a0\u00bb|||\u00a0\u00bb custom_padding=\u00a0\u00bb|||\u00a0\u00bb][et_pb_text _builder_version=\u00a0\u00bb4.6.1&Prime; text_text_shadow_horizontal_length=\u00a0\u00bbtext_text_shadow_style,%91object Object%93&Prime; text_text_shadow_horizontal_length_tablet=\u00a0\u00bb0px\u00a0\u00bb text_text_shadow_vertical_length=\u00a0\u00bbtext_text_shadow_style,%91object Object%93&Prime; text_text_shadow_vertical_length_tablet=\u00a0\u00bb0px\u00a0\u00bb text_text_shadow_blur_strength=\u00a0\u00bbtext_text_shadow_style,%91object Object%93&Prime; text_text_shadow_blur_strength_tablet=\u00a0\u00bb1px\u00a0\u00bb link_text_shadow_horizontal_length=\u00a0\u00bblink_text_shadow_style,%91object Object%93&Prime; link_text_shadow_horizontal_length_tablet=\u00a0\u00bb0px\u00a0\u00bb link_text_shadow_vertical_length=\u00a0\u00bblink_text_shadow_style,%91object Object%93&Prime; link_text_shadow_vertical_length_tablet=\u00a0\u00bb0px\u00a0\u00bb link_text_shadow_blur_strength=\u00a0\u00bblink_text_shadow_style,%91object Object%93&Prime; link_text_shadow_blur_strength_tablet=\u00a0\u00bb1px\u00a0\u00bb ul_text_shadow_horizontal_length=\u00a0\u00bbul_text_shadow_style,%91object Object%93&Prime; ul_text_shadow_horizontal_length_tablet=\u00a0\u00bb0px\u00a0\u00bb ul_text_shadow_vertical_length=\u00a0\u00bbul_text_shadow_style,%91object Object%93&Prime; ul_text_shadow_vertical_length_tablet=\u00a0\u00bb0px\u00a0\u00bb ul_text_shadow_blur_strength=\u00a0\u00bbul_text_shadow_style,%91object Object%93&Prime; ul_text_shadow_blur_strength_tablet=\u00a0\u00bb1px\u00a0\u00bb ol_text_shadow_horizontal_length=\u00a0\u00bbol_text_shadow_style,%91object Object%93&Prime; ol_text_shadow_horizontal_length_tablet=\u00a0\u00bb0px\u00a0\u00bb ol_text_shadow_vertical_length=\u00a0\u00bbol_text_shadow_style,%91object Object%93&Prime; ol_text_shadow_vertical_length_tablet=\u00a0\u00bb0px\u00a0\u00bb ol_text_shadow_blur_strength=\u00a0\u00bbol_text_shadow_style,%91object Object%93&Prime; ol_text_shadow_blur_strength_tablet=\u00a0\u00bb1px\u00a0\u00bb quote_text_shadow_horizontal_length=\u00a0\u00bbquote_text_shadow_style,%91object Object%93&Prime; quote_text_shadow_horizontal_length_tablet=\u00a0\u00bb0px\u00a0\u00bb quote_text_shadow_vertical_length=\u00a0\u00bbquote_text_shadow_style,%91object Object%93&Prime; quote_text_shadow_vertical_length_tablet=\u00a0\u00bb0px\u00a0\u00bb quote_text_shadow_blur_strength=\u00a0\u00bbquote_text_shadow_style,%91object Object%93&Prime; quote_text_shadow_blur_strength_tablet=\u00a0\u00bb1px\u00a0\u00bb header_text_shadow_horizontal_length=\u00a0\u00bbheader_text_shadow_style,%91object Object%93&Prime; header_text_shadow_horizontal_length_tablet=\u00a0\u00bb0px\u00a0\u00bb header_text_shadow_vertical_length=\u00a0\u00bbheader_text_shadow_style,%91object Object%93&Prime; header_text_shadow_vertical_length_tablet=\u00a0\u00bb0px\u00a0\u00bb header_text_shadow_blur_strength=\u00a0\u00bbheader_text_shadow_style,%91object Object%93&Prime; header_text_shadow_blur_strength_tablet=\u00a0\u00bb1px\u00a0\u00bb header_2_text_shadow_horizontal_length=\u00a0\u00bbheader_2_text_shadow_style,%91object Object%93&Prime; header_2_text_shadow_horizontal_length_tablet=\u00a0\u00bb0px\u00a0\u00bb header_2_text_shadow_vertical_length=\u00a0\u00bbheader_2_text_shadow_style,%91object Object%93&Prime; header_2_text_shadow_vertical_length_tablet=\u00a0\u00bb0px\u00a0\u00bb header_2_text_shadow_blur_strength=\u00a0\u00bbheader_2_text_shadow_style,%91object Object%93&Prime; header_2_text_shadow_blur_strength_tablet=\u00a0\u00bb1px\u00a0\u00bb header_3_text_shadow_horizontal_length=\u00a0\u00bbheader_3_text_shadow_style,%91object Object%93&Prime; header_3_text_shadow_horizontal_length_tablet=\u00a0\u00bb0px\u00a0\u00bb header_3_text_shadow_vertical_length=\u00a0\u00bbheader_3_text_shadow_style,%91object Object%93&Prime; header_3_text_shadow_vertical_length_tablet=\u00a0\u00bb0px\u00a0\u00bb header_3_text_shadow_blur_strength=\u00a0\u00bbheader_3_text_shadow_style,%91object Object%93&Prime; header_3_text_shadow_blur_strength_tablet=\u00a0\u00bb1px\u00a0\u00bb header_4_text_shadow_horizontal_length=\u00a0\u00bbheader_4_text_shadow_style,%91object Object%93&Prime; header_4_text_shadow_horizontal_length_tablet=\u00a0\u00bb0px\u00a0\u00bb header_4_text_shadow_vertical_length=\u00a0\u00bbheader_4_text_shadow_style,%91object Object%93&Prime; header_4_text_shadow_vertical_length_tablet=\u00a0\u00bb0px\u00a0\u00bb header_4_text_shadow_blur_strength=\u00a0\u00bbheader_4_text_shadow_style,%91object Object%93&Prime; header_4_text_shadow_blur_strength_tablet=\u00a0\u00bb1px\u00a0\u00bb header_5_text_shadow_horizontal_length=\u00a0\u00bbheader_5_text_shadow_style,%91object Object%93&Prime; header_5_text_shadow_horizontal_length_tablet=\u00a0\u00bb0px\u00a0\u00bb header_5_text_shadow_vertical_length=\u00a0\u00bbheader_5_text_shadow_style,%91object Object%93&Prime; header_5_text_shadow_vertical_length_tablet=\u00a0\u00bb0px\u00a0\u00bb header_5_text_shadow_blur_strength=\u00a0\u00bbheader_5_text_shadow_style,%91object Object%93&Prime; header_5_text_shadow_blur_strength_tablet=\u00a0\u00bb1px\u00a0\u00bb header_6_text_shadow_horizontal_length=\u00a0\u00bbheader_6_text_shadow_style,%91object Object%93&Prime; header_6_text_shadow_horizontal_length_tablet=\u00a0\u00bb0px\u00a0\u00bb header_6_text_shadow_vertical_length=\u00a0\u00bbheader_6_text_shadow_style,%91object Object%93&Prime; header_6_text_shadow_vertical_length_tablet=\u00a0\u00bb0px\u00a0\u00bb header_6_text_shadow_blur_strength=\u00a0\u00bbheader_6_text_shadow_style,%91object Object%93&Prime; header_6_text_shadow_blur_strength_tablet=\u00a0\u00bb1px\u00a0\u00bb box_shadow_horizontal_tablet=\u00a0\u00bb0px\u00a0\u00bb box_shadow_vertical_tablet=\u00a0\u00bb0px\u00a0\u00bb box_shadow_blur_tablet=\u00a0\u00bb40px\u00a0\u00bb box_shadow_spread_tablet=\u00a0\u00bb0px\u00a0\u00bb vertical_offset_tablet=\u00a0\u00bb0&Prime; horizontal_offset_tablet=\u00a0\u00bb0&Prime; z_index_tablet=\u00a0\u00bb0&Prime;]<\/p>\n<p><span style=\"font-weight: 400;\">Dans le cadre du projet \u00abBiblioth\u00e8que de Charles Albert\u00bb au ch\u00e2teau de Racconigi, plusieurs activit\u00e9s ont \u00e9t\u00e9 men\u00e9es pour valoriser la Biblioth\u00e8que et ses livres, et les mettre en relation avec le territoire.<\/span><\/p>\n<p><span style=\"font-weight: 400;\">Parmi ces activit\u00e9s, on a realis\u00e9 un catalogue et une archive des volumes de la biblioth\u00e8que. Un catalogue au standard RDF a \u00e9galement \u00e9t\u00e9 cr\u00e9\u00e9, en utilisant le vocabulaire BIBFRAME, \u00e0 partir d&rsquo;un simple format num\u00e9rique.<\/span><\/p>\n<p><span style=\"font-weight: 400;\">Une s\u00e9lection de 60 volumes a \u00e9t\u00e9 num\u00e9ris\u00e9e gr\u00e2ce \u00e0 la technologie OCR. Parall\u00e8lement, le catalogue de tags en italien, fran\u00e7ais et anglais a \u00e9t\u00e9 enrichi, le text mining a \u00e9t\u00e9 r\u00e9alis\u00e9 sur les textes des livres num\u00e9ris\u00e9s et le moteur de recherche du catalogue a \u00e9t\u00e9 construit.<\/span><\/p>\n<p><span style=\"font-weight: 400;\">Le site a \u00e9t\u00e9 con\u00e7u non seulement pour en apprendre davantage sur les livres, mais aussi pour en savoir plus sur le territoire : chaque itin\u00e9raire conduit le lecteur hors de la biblioth\u00e8que \u00e0 la d\u00e9couverte des lieux d\u00e9crits dans les livres, au ch\u00e2teau de Racconigi, ou le territoire qui l&rsquo;entoure, gr\u00e2ce aux cartes interactives \u00e9galement disponibles sur le site. C&rsquo;est aussi un nouveau moyen pour parcourir les moments qui ont fait l\u2019histoire priv\u00e9e et publique d\u2019un Roi.<\/span><\/p>\n<p><span style=\"font-weight: 400;\">Huit parcours de lecture sont propos\u00e9s: la Maison de Savoie, les Voyages et les Lieux, Charles-Albert, la Cuisine et ses plantes, l\u2019Enfance, l\u2019Eau et la soie, la Satire et les us et coutumes, la Langue pi\u00e9montaise. Ces th\u00e9matiques choisies conduisent l\u2019utilisateur \u00e0 la d\u00e9couverte des lectures de Charles Albert et Victor Emmanuel, et de tous les autres visiteurs de ce petit studio.<\/span><\/p>\n<p><span style=\"font-weight: 400;\">Vingt livres ont \u00e9t\u00e9 mis en ligne sur Archive.org, la plus grande biblioth\u00e8que virtuelle du monde. Les autres livres num\u00e9riques sont consultables dans la salle de lecture du ch\u00e2teau.<\/span><\/p>\n<p><span style=\"font-weight: 400;\">Le <a href=\"https:\/\/www.bibliocarloalberto.it\/wp-content\/uploads\/catalogo_biblioteca_carlo_alberto_castello_racconigi_rdf_ttl.txt\" target=\"_blank\" rel=\"noopener noreferrer\"><strong>catalogue RDF de la biblioth\u00e8que<\/strong><\/a> peut \u00eatre t\u00e9l\u00e9charg\u00e9 au format RDF Turtle, et peut \u00eatre utilis\u00e9 selon la licence CC Attribution 4.0.<\/span><\/p>\n<p>[\/et_pb_text][\/et_pb_column][\/et_pb_row][\/et_pb_section]<\/p>\n","protected":false},"excerpt":{"rendered":"<p><div class=\"et_pb_row et_pb_row_0 et_pb_row_empty\">\n\t\t\t\t\n\t\t\t\t\n\t\t\t\t\n\t\t\t\t\n\t\t\t\t\n\t\t\t<\/div> Dans le cadre du projet \u00abBiblioth\u00e8que de Charles Albert\u00bb au ch\u00e2teau de Racconigi, plusieurs activit\u00e9s ont \u00e9t\u00e9 men\u00e9es pour valoriser la Biblioth\u00e8que et ses livres, et les mettre en relation avec le territoire.Parmi ces activit\u00e9s, on a realis\u00e9 un catalogue et une archive des volumes de la biblioth\u00e8que. Un catalogue au standard RDF a [&hellip;]<\/p>\n","protected":false},"author":1,"featured_media":0,"parent":0,"menu_order":10,"comment_status":"closed","ping_status":"closed","template":"","meta":{"_acf_changed":false,"_et_pb_use_builder":"on","_et_pb_old_content":"","_et_gb_content_width":"","footnotes":""},"acf":[],"_links":{"self":[{"href":"https:\/\/www.bibliocarloalberto.it\/fr\/wp-json\/wp\/v2\/pages\/212050"}],"collection":[{"href":"https:\/\/www.bibliocarloalberto.it\/fr\/wp-json\/wp\/v2\/pages"}],"about":[{"href":"https:\/\/www.bibliocarloalberto.it\/fr\/wp-json\/wp\/v2\/types\/page"}],"author":[{"embeddable":true,"href":"https:\/\/www.bibliocarloalberto.it\/fr\/wp-json\/wp\/v2\/users\/1"}],"replies":[{"embeddable":true,"href":"https:\/\/www.bibliocarloalberto.it\/fr\/wp-json\/wp\/v2\/comments?post=212050"}],"version-history":[{"count":3,"href":"https:\/\/www.bibliocarloalberto.it\/fr\/wp-json\/wp\/v2\/pages\/212050\/revisions"}],"predecessor-version":[{"id":212892,"href":"https:\/\/www.bibliocarloalberto.it\/fr\/wp-json\/wp\/v2\/pages\/212050\/revisions\/212892"}],"wp:attachment":[{"href":"https:\/\/www.bibliocarloalberto.it\/fr\/wp-json\/wp\/v2\/media?parent=212050"}],"curies":[{"name":"wp","href":"https:\/\/api.w.org\/{rel}","templated":true}]}}